{"id":3,"date":"2020-05-19T10:53:06","date_gmt":"2020-05-19T08:53:06","guid":{"rendered":"https:\/\/dev.conceptmanufacturing.com\/?page_id=3"},"modified":"2020-06-26T12:34:04","modified_gmt":"2020-06-26T10:34:04","slug":"politique-de-confidentialite","status":"publish","type":"page","link":"https:\/\/www.nettoyersamaison.fr\/?page_id=3","title":{"rendered":"Mentions l\u00e9gales"},"content":{"rendered":"\r\n<h2 class=\"wp-block-heading\">EDITEUR<\/h2>\r\n<p><strong>CONCEPT MANUFACTURING<\/strong><br \/>Lot 15 \u2013 Zone artisanale Caux Multip\u00f4les<br \/>346 Rue Thomas Pesquet<br \/>76190 VALLIQUERVILLE<br \/>T\u00e9l +33 (0)2 35 95 20 70<br \/><a href=\"mailto:info@conceptmanufacturing%20.fr\">info@conceptmanufacturing .fr<\/a><\/p>\r\n<p>SIRET 500 042 742 00022 \u2013 RCS Rouen B 500 042 742<\/p>\r\n<h2>DIRECTION\u00a0DE LA\u00a0PUBLICATION<\/h2>\r\n<p>Monsieur Fran\u00e7ois CAILLOU<\/p>\r\n<h2>H\u00c9BERGEMENT<\/h2>\r\n<p><strong>OVH<\/strong><br \/>2 rue Kellermann<br \/>59100 Roubaix \u2013 France<\/p>\r\n<h2>CONCEPTION ET R\u00c9ALISATION<\/h2>\r\n<p><strong>Concept Manufacturing<\/strong><br \/>Lot 15 \u2013 Zone artisanale Caux Multip\u00f4les<br \/>346 Rue Thomas Pesquet<br \/>76190 VALLIQUERVILLE<br \/>T\u00e9l +33 (0)2 35 95 20 70<br \/><a href=\"http:\/\/www.conceptmanufacturing.com\">www.conceptmanufacturing.com<\/a><\/p>\r\n<h2>CR\u00c9DITS PHOTOGRAPHIQUES<\/h2>\r\n<p>Les visuels ou photographies pr\u00e9sent\u00e9s sur ce site sont prot\u00e9g\u00e9s par le Code de la propri\u00e9t\u00e9 intellectuelle et artistique. Ils sont la propri\u00e9t\u00e9 de la soci\u00e9t\u00e9\u00a0CONCEPT MANUFACTURING ou bien font l\u2019objet d\u2019une autorisation sp\u00e9cifique d\u2019utilisation.<\/p>\r\n<p>Copyrights et droits des visuels : CONCEPT MANUFACTURING, Envato Elements.<\/p>\r\n<h2>DROIT D\u2019AUTEURS<\/h2>\r\n<p>La structure g\u00e9n\u00e9rale du portail, ainsi que les textes, les photos, images et sons \u00e9ventuels directement associ\u00e9s aux textes qui pr\u00e9sentent les marques CONCEPT MICROFIBRE et DELTA MICROFIBRE, et qui composent le portail sont la propri\u00e9t\u00e9 de la soci\u00e9t\u00e9 CONCEPT MANUFACTURING. En application de la loi du 11 mars 1957 (art. 41) et du code de la propri\u00e9t\u00e9 intellectuelle du 1er juillet 1992, toute reproduction partielle ou totale \u00e0 usage collectif, par quelque proc\u00e9d\u00e9 que ce soit, est strictement interdite sans autorisation de la soci\u00e9t\u00e9 CONCEPT MANUFACTURING. Toutefois, certains logos, visuels et marques pr\u00e9sents sur ce site sont la propri\u00e9t\u00e9 de leurs d\u00e9tenteurs respectifs.<\/p>\r\n<p>L\u2019internaute reconna\u00eet que l\u2019utilisation du site est r\u00e9gie par le droit fran\u00e7ais.<\/p>\r\n<h2>LIENS HYPERTEXTES ET INDICATIONS JURIDIQUES<\/h2>\r\n<p>CONCEPT MANUFACTURING v\u00e9rifie et actualise les informations sur son site web r\u00e9guli\u00e8rement. Malgr\u00e9 toute la diligence apport\u00e9e dans cette d\u00e9marche, les donn\u00e9es peuvent ne pas \u00eatre mises \u00e0 jour en temps r\u00e9el. CONCEPT MANUFACTURING n\u2019engage pas sa responsabilit\u00e9 eu \u00e9gard \u00e0 la mise \u00e0 jour et \u00e0 la v\u00e9racit\u00e9 des informations contenues dans le site au moment de sa consultation par l\u2019internaute.<\/p>\r\n<p>Ce principe de non responsabilit\u00e9 eu \u00e9gard \u00e0 la mise \u00e0 jour et \u00e0 la v\u00e9racit\u00e9 des informations en temps r\u00e9el s\u2019applique \u00e9galement \u00e0 toutes les pages web auxquelles le site internet fait r\u00e9f\u00e9rence par le moyen d\u2019un hyperlien.<\/p>\r\n<h2>TRAITEMENT DES DONN\u00c9ES PERSONNELLES<\/h2>\r\n<p>Conform\u00e9ment \u00e0 l\u2019article 34 de la Loi Informatique et Libert\u00e9s n\u00b0 78-17 du 6 janvier 1978, modifi\u00e9e le 6 ao\u00fbt 2004, l\u2019internaute dispose d\u2019un droit d\u2019acc\u00e8s, de modification, de rectification et de suppression des donn\u00e9es qui le concernant. Celui-ci peut, sur simple demande, \u00e9crire \u00e0 l\u2019adresse suivante :<\/p>\r\n<p>CONCEPT MANUFACTURING<br \/>346 Rue Thomas PESQUET<br \/>76190 VALLIQUERVILLE<br \/>T\u00e9l +33 (0)2 35 95 20 70<br \/><a href=\"mailto:info@conceptmanufacturing%20.fr\">info@conceptmanufacturing .fr<\/a><\/p>\r\n<h2>POLITIQUE DES COOKIES<\/h2>\r\n<p>L\u2019utilisateur est inform\u00e9 que lors de ses visites sur le site www.nettoyersamaison.com, un cookie peut \u00eatre implant\u00e9 dans son ordinateur. Un cookie ne permet pas d\u2019identifier l\u2019utilisateur. De mani\u00e8re g\u00e9n\u00e9rale, il enregistre des informations relatives \u00e0 la navigation de son ordinateur sur le site (les pages consult\u00e9es, la date et l\u2019heure de la consultation) qui pourront \u00eatre lues lors de ses visites ult\u00e9rieures.<\/p>\r\n<p>L\u2019utilisateur peut s\u2019opposer \u00e0 l\u2019enregistrement de cookies, ou \u00eatre pr\u00e9venu avant d\u2019accepter les cookies, en configurant son ordinateur de la mani\u00e8re suivante :<\/p>\r\n<ul>\r\n<li><a href=\"https:\/\/support.google.com\/chrome\/answer\/95647?hl=fr\" target=\"_blank\" rel=\"noopener noreferrer\">Chrome<\/a><\/li>\r\n<li><a href=\"https:\/\/support.mozilla.org\/fr\/kb\/activer-desactiver-cookies\" target=\"_blank\" rel=\"noopener noreferrer\">Firefox<\/a><\/li>\r\n<li><a href=\"https:\/\/support.microsoft.com\/fr-fr\/help\/17442\/windows-internet-explorer-delete-manage-cookies\" target=\"_blank\" rel=\"noopener noreferrer\">Internet Explorer<\/a><\/li>\r\n<li><a href=\"https:\/\/help.opera.com\/en\/latest\/web-preferences\/#cookies\" target=\"_blank\" rel=\"noopener noreferrer\">Opera<\/a><\/li>\r\n<li><a href=\"https:\/\/support.apple.com\/fr-fr\/guide\/safari\/sfri11471\/mac\" target=\"_blank\" rel=\"noopener noreferrer\">Safari<\/a><\/li>\r\n<li>\u00a0<\/li>\r\n<\/ul>\r\n\r\n\r\n","protected":false},"excerpt":{"rendered":"<p>EDITEUR CONCEPT MANUFACTURINGLot 15 \u2013 Zone artisanale Caux Multip\u00f4les346 Rue Thomas Pesquet76190 VALLIQUERVILLET\u00e9l +33 (0)2 35 95 20 70info@conceptmanufacturing .fr SIRET 500 042 742 00022 \u2013 RCS Rouen B 500 042 742 DIRECTION\u00a0DE LA\u00a0PUBLICATION Monsieur Fran\u00e7ois CAILLOU H\u00c9BERGEMENT OVH2 rue Kellermann59100 Roubaix \u2013 France CONCEPTION ET R\u00c9ALISATION Concept ManufacturingLot 15 \u2013 Zone artisanale Caux Multip\u00f4les346 &hellip; <\/p>\n<p class=\"link-more\"><a href=\"https:\/\/www.nettoyersamaison.fr\/?page_id=3\" class=\"more-link\">Continuer la lecture<span class=\"screen-reader-text\"> de &laquo;&nbsp;Mentions l\u00e9gales&nbsp;&raquo;<\/span><\/a><\/p>\n","protected":false},"author":2,"featured_media":0,"parent":0,"menu_order":0,"comment_status":"closed","ping_status":"open","template":"template-parts\/template-mentions.php","meta":{"inline_featured_image":false,"footnotes":""},"class_list":["post-3","page","type-page","status-publish","hentry"],"_links":{"self":[{"href":"https:\/\/www.nettoyersamaison.fr\/index.php?rest_route=\/wp\/v2\/pages\/3","targetHints":{"allow":["GET"]}}],"collection":[{"href":"https:\/\/www.nettoyersamaison.fr\/index.php?rest_route=\/wp\/v2\/pages"}],"about":[{"href":"https:\/\/www.nettoyersamaison.fr\/index.php?rest_route=\/wp\/v2\/types\/page"}],"author":[{"embeddable":true,"href":"https:\/\/www.nettoyersamaison.fr\/index.php?rest_route=\/wp\/v2\/users\/2"}],"replies":[{"embeddable":true,"href":"https:\/\/www.nettoyersamaison.fr\/index.php?rest_route=%2Fwp%2Fv2%2Fcomments&post=3"}],"version-history":[{"count":7,"href":"https:\/\/www.nettoyersamaison.fr\/index.php?rest_route=\/wp\/v2\/pages\/3\/revisions"}],"predecessor-version":[{"id":317,"href":"https:\/\/www.nettoyersamaison.fr\/index.php?rest_route=\/wp\/v2\/pages\/3\/revisions\/317"}],"wp:attachment":[{"href":"https:\/\/www.nettoyersamaison.fr\/index.php?rest_route=%2Fwp%2Fv2%2Fmedia&parent=3"}],"curies":[{"name":"wp","href":"https:\/\/api.w.org\/{rel}","templated":true}]}}